{"id":2,"date":"2010-10-11T07:14:11","date_gmt":"2010-10-11T07:14:11","guid":{"rendered":"http:\/\/karstexplo.fr\/blog\/\/?page_id=2"},"modified":"2011-09-29T21:31:04","modified_gmt":"2011-09-29T19:31:04","slug":"about","status":"publish","type":"page","link":"https:\/\/karstexplo.fr\/blog\/?page_id=2","title":{"rendered":"A propos de ce blog"},"content":{"rendered":"<p>Ce blog, li\u00e9 au site <a href=\"http:\/\/karstexplo.fr\" target=\"_blank\">karstexplo.fr<\/a>, relate les recherches et explorations sp\u00e9l\u00e9ologiques men\u00e9es par des individuels ainsi que des clubs tr\u00e8s divers (S. C. Dijon, CAF Albertville, Soci\u00e9t\u00e9 des Amateurs de Cavernes, Musaraigne, etc&#8230;). Les terrains d&rsquo;activit\u00e9s sont essentiellement situ\u00e9s en France et en Espagne (Cantabria).<\/p>\n<p>Il prend la suite <a href=\"http:\/\/speleocaf73.canalblog.com\/\" target=\"_blank\">du blog du CAF d&rsquo;Albertville<\/a> et du <a href=\"http:\/\/cuevasdelason.canalblog.com\/\" target=\"_blank\">blog Cuevas del As\u00f3n <\/a>dans lesquels vous trouverez de nombreuses r\u00e9f\u00e9rences sur des explorations en Cantabria (Espagne) et dans les Alpes.<\/p>\n<p style=\"text-align: right;\">Patrick Degouve et Guy Simonnot<\/p>\n","protected":false},"excerpt":{"rendered":"<p>Ce blog, li\u00e9 au site karstexplo.fr, relate les recherches et explorations sp\u00e9l\u00e9ologiques men\u00e9es par des individuels ainsi que des clubs tr\u00e8s divers (S. C. Dijon, CAF Albertville, Soci\u00e9t\u00e9 des Amateurs de Cavernes, Musaraigne, etc&#8230;). Les terrains d&rsquo;activit\u00e9s sont essentiellement situ\u00e9s en France et en Espagne (Cantabria). Il prend la suite du blog du CAF d&rsquo;Albertville [&hellip;]<\/p>\n","protected":false},"author":1,"featured_media":0,"parent":0,"menu_order":0,"comment_status":"open","ping_status":"open","template":"","meta":[],"_links":{"self":[{"href":"https:\/\/karstexplo.fr\/blog\/index.php?rest_route=\/wp\/v2\/pages\/2"}],"collection":[{"href":"https:\/\/karstexplo.fr\/blog\/index.php?rest_route=\/wp\/v2\/pages"}],"about":[{"href":"https:\/\/karstexplo.fr\/blog\/index.php?rest_route=\/wp\/v2\/types\/page"}],"author":[{"embeddable":true,"href":"https:\/\/karstexplo.fr\/blog\/index.php?rest_route=\/wp\/v2\/users\/1"}],"replies":[{"embeddable":true,"href":"https:\/\/karstexplo.fr\/blog\/index.php?rest_route=%2Fwp%2Fv2%2Fcomments&post=2"}],"version-history":[{"count":8,"href":"https:\/\/karstexplo.fr\/blog\/index.php?rest_route=\/wp\/v2\/pages\/2\/revisions"}],"predecessor-version":[{"id":175,"href":"https:\/\/karstexplo.fr\/blog\/index.php?rest_route=\/wp\/v2\/pages\/2\/revisions\/175"}],"wp:attachment":[{"href":"https:\/\/karstexplo.fr\/blog\/index.php?rest_route=%2Fwp%2Fv2%2Fmedia&parent=2"}],"curies":[{"name":"wp","href":"https:\/\/api.w.org\/{rel}","templated":true}]}}